{"id":12143,"date":"2026-04-06T10:03:47","date_gmt":"2026-04-06T10:03:47","guid":{"rendered":"https:\/\/beesmaster.de\/?post_type=product&#038;p=12143"},"modified":"2026-04-08T18:07:11","modified_gmt":"2026-04-08T18:07:11","slug":"zander-raehmchen-hoffmann-seiten-modifiziert-hoehe-220-mm-10-stueck","status":"publish","type":"product","link":"https:\/\/beesmaster.de\/en\/zander-raehmchen-hoffmann-seiten-modifiziert-hoehe-220-mm-10-stueck\/","title":{"rendered":"Zander R\u00e4hmchen Hoffmann Seiten, modifiziert, H\u00f6he 220 mm &#8211; 10 St\u00fcck"},"content":{"rendered":"","protected":false},"excerpt":{"rendered":"","protected":false},"featured_media":12578,"comment_status":"open","ping_status":"closed","template":"","meta":{"jetpack_post_was_ever_published":false},"product_brand":[],"product_cat":[162,73,78,93,75],"product_tag":[],"class_list":{"0":"post-12143","1":"product","2":"type-product","3":"status-publish","4":"has-post-thumbnail","6":"product_cat-alles","7":"product_cat-raehmchen","8":"product_cat-zadant-raehmchen","9":"product_cat-zander-raehmchen","10":"product_cat-zander-raehmchen-hoffmann-seiten-modifiziert","12":"first","13":"instock","14":"sale","15":"shipping-taxable","16":"purchasable","17":"product-type-simple"},"_links":{"self":[{"href":"https:\/\/beesmaster.de\/en\/wp-json\/wp\/v2\/product\/12143","targetHints":{"allow":["GET"]}}],"collection":[{"href":"https:\/\/beesmaster.de\/en\/wp-json\/wp\/v2\/product"}],"about":[{"href":"https:\/\/beesmaster.de\/en\/wp-json\/wp\/v2\/types\/product"}],"replies":[{"embeddable":true,"href":"https:\/\/beesmaster.de\/en\/wp-json\/wp\/v2\/comments?post=12143"}],"wp:featuredmedia":[{"embeddable":true,"href":"https:\/\/beesmaster.de\/en\/wp-json\/wp\/v2\/media\/12578"}],"wp:attachment":[{"href":"https:\/\/beesmaster.de\/en\/wp-json\/wp\/v2\/media?parent=12143"}],"wp:term":[{"taxonomy":"product_brand","embeddable":true,"href":"https:\/\/beesmaster.de\/en\/wp-json\/wp\/v2\/product_brand?post=12143"},{"taxonomy":"product_cat","embeddable":true,"href":"https:\/\/beesmaster.de\/en\/wp-json\/wp\/v2\/product_cat?post=12143"},{"taxonomy":"product_tag","embeddable":true,"href":"https:\/\/beesmaster.de\/en\/wp-json\/wp\/v2\/product_tag?post=12143"}],"curies":[{"name":"wp","href":"https:\/\/api.w.org\/{rel}","templated":true}]}}