{"id":9963,"date":"2023-07-28T06:30:55","date_gmt":"2023-07-28T06:30:55","guid":{"rendered":"https:\/\/beesmaster.de\/?post_type=product&#038;p=9963"},"modified":"2026-04-03T12:04:44","modified_gmt":"2026-04-03T12:04:44","slug":"zander-raehmchen-gerade-seiten-modifiziert-hoehe-220-mm","status":"publish","type":"product","link":"https:\/\/beesmaster.de\/en\/zander-raehmchen-gerade-seiten-modifiziert-hoehe-220-mm\/","title":{"rendered":"Zander R\u00e4hmchen gerade Seiten, modifiziert, H\u00f6he 220 mm 10 St\u00fcck"},"content":{"rendered":"","protected":false},"excerpt":{"rendered":"<p><span style=\"vertical-align: inherit;\"><span style=\"vertical-align: inherit;\">4 x wired horizontally, 8 eyelets; <\/span><span style=\"vertical-align: inherit;\">Wood thickness: 10 mm all around; <\/span><span style=\"vertical-align: inherit;\">Length: upper carrier 477 x 22 x 19 mm \/ lower carrier 420 x 22 x 10 mm; <\/span><span style=\"vertical-align: inherit;\">Height: 220mm; <\/span><span style=\"vertical-align: inherit;\">Material: Linden<\/span><\/span><\/p>\n","protected":false},"featured_media":11365,"comment_status":"closed","ping_status":"closed","template":"","meta":{"jetpack_post_was_ever_published":true},"product_brand":[],"product_cat":[78,162,73,93,77],"product_tag":[],"class_list":{"0":"post-9963","1":"product","2":"type-product","3":"status-publish","4":"has-post-thumbnail","6":"product_cat-zadant-raehmchen","7":"product_cat-alles","8":"product_cat-raehmchen","9":"product_cat-zander-raehmchen","10":"product_cat-zander-raehmchen-gerade-seiten-modifiziert","12":"first","13":"instock","14":"sale","15":"shipping-taxable","16":"purchasable","17":"product-type-simple"},"_links":{"self":[{"href":"https:\/\/beesmaster.de\/en\/wp-json\/wp\/v2\/product\/9963","targetHints":{"allow":["GET"]}}],"collection":[{"href":"https:\/\/beesmaster.de\/en\/wp-json\/wp\/v2\/product"}],"about":[{"href":"https:\/\/beesmaster.de\/en\/wp-json\/wp\/v2\/types\/product"}],"replies":[{"embeddable":true,"href":"https:\/\/beesmaster.de\/en\/wp-json\/wp\/v2\/comments?post=9963"}],"wp:featuredmedia":[{"embeddable":true,"href":"https:\/\/beesmaster.de\/en\/wp-json\/wp\/v2\/media\/11365"}],"wp:attachment":[{"href":"https:\/\/beesmaster.de\/en\/wp-json\/wp\/v2\/media?parent=9963"}],"wp:term":[{"taxonomy":"product_brand","embeddable":true,"href":"https:\/\/beesmaster.de\/en\/wp-json\/wp\/v2\/product_brand?post=9963"},{"taxonomy":"product_cat","embeddable":true,"href":"https:\/\/beesmaster.de\/en\/wp-json\/wp\/v2\/product_cat?post=9963"},{"taxonomy":"product_tag","embeddable":true,"href":"https:\/\/beesmaster.de\/en\/wp-json\/wp\/v2\/product_tag?post=9963"}],"curies":[{"name":"wp","href":"https:\/\/api.w.org\/{rel}","templated":true}]}}